{"id":216,"date":"2021-07-01T13:42:34","date_gmt":"2021-07-01T11:42:34","guid":{"rendered":"https:\/\/xn--schtzenvereincalbesaale-epc.de\/wp\/?page_id=216"},"modified":"2021-07-01T13:53:49","modified_gmt":"2021-07-01T11:53:49","slug":"schuetzenkoenige-2021","status":"publish","type":"page","link":"https:\/\/xn--schtzenvereincalbesaale-epc.de\/wp\/schuetzenkoenige-2021\/","title":{"rendered":"Sch\u00fctzenk\u00f6nige 2021"},"content":{"rendered":"\n<p><\/p>\n\n\n\n<figure class=\"wp-block-image size-large\"><img loading=\"lazy\" decoding=\"async\" width=\"800\" height=\"600\" src=\"https:\/\/xn--schtzenvereincalbesaale-epc.de\/wp\/wp-content\/uploads\/2021\/07\/buergerkoenigin21.jpg\" alt=\"\" class=\"wp-image-219\" srcset=\"https:\/\/xn--schtzenvereincalbesaale-epc.de\/wp\/wp-content\/uploads\/2021\/07\/buergerkoenigin21.jpg 800w, https:\/\/xn--schtzenvereincalbesaale-epc.de\/wp\/wp-content\/uploads\/2021\/07\/buergerkoenigin21-300x225.jpg 300w, https:\/\/xn--schtzenvereincalbesaale-epc.de\/wp\/wp-content\/uploads\/2021\/07\/buergerkoenigin21-768x576.jpg 768w, https:\/\/xn--schtzenvereincalbesaale-epc.de\/wp\/wp-content\/uploads\/2021\/07\/buergerkoenigin21-624x468.jpg 624w\" sizes=\"auto, (max-width: 800px) 100vw, 800px\" \/><figcaption>B\u00fcrgerk\u00f6nigin Patricia Bertram<\/figcaption><\/figure>\n\n\n\n<hr class=\"wp-block-separator\"\/>\n\n\n\n<figure class=\"wp-block-image size-large\"><img loading=\"lazy\" decoding=\"async\" width=\"800\" height=\"600\" src=\"https:\/\/xn--schtzenvereincalbesaale-epc.de\/wp\/wp-content\/uploads\/2021\/07\/koenig_koenigin21.jpg\" alt=\"\" class=\"wp-image-223\" srcset=\"https:\/\/xn--schtzenvereincalbesaale-epc.de\/wp\/wp-content\/uploads\/2021\/07\/koenig_koenigin21.jpg 800w, https:\/\/xn--schtzenvereincalbesaale-epc.de\/wp\/wp-content\/uploads\/2021\/07\/koenig_koenigin21-300x225.jpg 300w, https:\/\/xn--schtzenvereincalbesaale-epc.de\/wp\/wp-content\/uploads\/2021\/07\/koenig_koenigin21-768x576.jpg 768w, https:\/\/xn--schtzenvereincalbesaale-epc.de\/wp\/wp-content\/uploads\/2021\/07\/koenig_koenigin21-624x468.jpg 624w\" sizes=\"auto, (max-width: 800px) 100vw, 800px\" \/><figcaption>Die Sch\u00fctzenk\u00f6nigin Sabine L\u00f6w und der Sch\u00fctzenk\u00f6nig Dirk Ginsberg.<\/figcaption><\/figure>\n","protected":false},"excerpt":{"rendered":"","protected":false},"author":1,"featured_media":0,"parent":0,"menu_order":0,"comment_status":"closed","ping_status":"closed","template":"","meta":{"_eb_attr":"","footnotes":""},"class_list":["post-216","page","type-page","status-publish","hentry"],"_links":{"self":[{"href":"https:\/\/xn--schtzenvereincalbesaale-epc.de\/wp\/wp-json\/wp\/v2\/pages\/216","targetHints":{"allow":["GET"]}}],"collection":[{"href":"https:\/\/xn--schtzenvereincalbesaale-epc.de\/wp\/wp-json\/wp\/v2\/pages"}],"about":[{"href":"https:\/\/xn--schtzenvereincalbesaale-epc.de\/wp\/wp-json\/wp\/v2\/types\/page"}],"author":[{"embeddable":true,"href":"https:\/\/xn--schtzenvereincalbesaale-epc.de\/wp\/wp-json\/wp\/v2\/users\/1"}],"replies":[{"embeddable":true,"href":"https:\/\/xn--schtzenvereincalbesaale-epc.de\/wp\/wp-json\/wp\/v2\/comments?post=216"}],"version-history":[{"count":5,"href":"https:\/\/xn--schtzenvereincalbesaale-epc.de\/wp\/wp-json\/wp\/v2\/pages\/216\/revisions"}],"predecessor-version":[{"id":224,"href":"https:\/\/xn--schtzenvereincalbesaale-epc.de\/wp\/wp-json\/wp\/v2\/pages\/216\/revisions\/224"}],"wp:attachment":[{"href":"https:\/\/xn--schtzenvereincalbesaale-epc.de\/wp\/wp-json\/wp\/v2\/media?parent=216"}],"curies":[{"name":"wp","href":"https:\/\/api.w.org\/{rel}","templated":true}]}}